{"id":86,"date":"2025-09-17T11:25:55","date_gmt":"2025-09-17T11:25:55","guid":{"rendered":"http:\/\/lmnaturo-lyon.com\/?page_id=86"},"modified":"2025-10-03T14:11:20","modified_gmt":"2025-10-03T14:11:20","slug":"heilpraktiker","status":"publish","type":"page","link":"https:\/\/lmnaturo-lyon.com\/index.php\/heilpraktiker\/","title":{"rendered":"Heilpraktiker"},"content":{"rendered":"\n<div class=\"wp-block-group alignwide has-global-padding is-layout-constrained wp-container-core-group-is-layout-be46b3e7 wp-block-group-is-layout-constrained\" style=\"border-radius:50px;padding-top:var(--wp--preset--spacing--10);padding-right:var(--wp--preset--spacing--10);padding-bottom:var(--wp--preset--spacing--10);padding-left:var(--wp--preset--spacing--10)\">\n<div class=\"wp-block-group is-nowrap is-layout-flex wp-container-core-group-is-layout-6c531013 wp-block-group-is-layout-flex\">\n<figure class=\"wp-block-image size-full is-resized has-custom-border img-logo.png wp-duotone-111111-a4a4a4-1\"><img loading=\"lazy\" decoding=\"async\" width=\"1955\" height=\"2000\" src=\"https:\/\/lmnaturo-lyon.com\/wp-content\/uploads\/2025\/09\/img-logo.png\" alt=\"\" class=\"has-border-color has-accent-5-border-color wp-image-93\" style=\"border-width:1px;border-radius:100px;width:170px\" title=\"logo\" srcset=\"https:\/\/lmnaturo-lyon.com\/wp-content\/uploads\/2025\/09\/img-logo.png 1955w, https:\/\/lmnaturo-lyon.com\/wp-content\/uploads\/2025\/09\/img-logo-293x300.png 293w, https:\/\/lmnaturo-lyon.com\/wp-content\/uploads\/2025\/09\/img-logo-1001x1024.png 1001w, https:\/\/lmnaturo-lyon.com\/wp-content\/uploads\/2025\/09\/img-logo-768x786.png 768w, https:\/\/lmnaturo-lyon.com\/wp-content\/uploads\/2025\/09\/img-logo-1501x1536.png 1501w\" sizes=\"auto, (max-width: 1955px) 100vw, 1955px\" \/><\/figure>\n\n\n\n<h2 class=\"wp-block-heading has-large-font-size\">Une approche singuli\u00e8re de la sant\u00e9 en Allemagne<\/h2>\n<\/div>\n\n\n\n<p>Peut-\u00eatre avez-vous d\u00e9j\u00e0 entendu parler des <strong>Heilpraktiker <\/strong>? C&#8217;est une <strong>profession de sant\u00e9 unique en Allemagne<\/strong>, qui suscite souvent la curiosit\u00e9 et l&#8217;admiration pour sa profondeur et sa rigueur. Comprendre leur r\u00f4le permet de mieux saisir les fondements de certaines approches de la naturopathie moderne.<\/p>\n<\/div>\n\n\n\n<div class=\"wp-block-group alignwide has-border-color has-accent-4-background-color has-background has-global-padding is-layout-constrained wp-container-core-group-is-layout-bf366af5 wp-block-group-is-layout-constrained\" style=\"border-color:#b1c5a4;border-radius:50px;min-height:0px;margin-top:0;margin-bottom:0;padding-top:var(--wp--preset--spacing--20);padding-right:var(--wp--preset--spacing--10);padding-bottom:var(--wp--preset--spacing--20);padding-left:var(--wp--preset--spacing--10)\">\n<div class=\"wp-block-columns alignwide is-layout-flex wp-container-core-columns-is-layout-a85f4655 wp-block-columns-is-layout-flex\">\n<div class=\"wp-block-column is-vertically-aligned-stretch is-layout-flow wp-block-column-is-layout-flow\" style=\"flex-basis:60%\">\n<div class=\"wp-block-group is-vertical is-content-justification-stretch is-layout-flex wp-container-core-group-is-layout-8f18a2b3 wp-block-group-is-layout-flex\" style=\"min-height:100%\">\n<h2 class=\"wp-block-heading has-large-font-size\" style=\"padding-top:0;padding-right:var(--wp--preset--spacing--10);padding-bottom:0;padding-left:var(--wp--preset--spacing--10)\">Un statut l\u00e9gal encadr\u00e9<\/h2>\n\n\n\n<p class=\"has-heading-font-family has-medium-font-size\" style=\"line-height:1.5\">En Allemagne, le <strong>Heilpraktiker<\/strong> est un praticien de la sant\u00e9 non-m\u00e9decin, dont la profession est reconnue et <strong>r\u00e9glement\u00e9e par une loi datant de 1939<\/strong> (le &#8220;Heilpraktikergesetz&#8221;). Pour exercer, le candidat doit r\u00e9ussir un <strong>examen d&#8217;\u00c9tat exigeant<\/strong>, d\u00e9livr\u00e9 par les autorit\u00e9s sanitaires allemandes. Cet examen garantit que le futur Heilpraktiker poss\u00e8de les connaissances suffisantes en anatomie, physiologie, pathologie, et est capable de poser un diagnostic diff\u00e9rentiel afin d&#8217;\u00e9carter toute maladie grave n\u00e9cessitant une intervention m\u00e9dicale classique.<\/p>\n\n\n\n<p class=\"has-heading-font-family has-medium-font-size\" style=\"line-height:1.5\">Le Heilpraktiker est autoris\u00e9 \u00e0 diagnostiquer et \u00e0 traiter les maladies, mais avec des <strong>limitations claires<\/strong>. Il ne peut pas, par exemple, pratiquer la chirurgie, l&#8217;obst\u00e9trique, la dentisterie, prescrire des m\u00e9dicaments sur ordonnance, ou traiter des maladies infectieuses soumises \u00e0 d\u00e9claration obligatoire. Leur r\u00f4le est d&#8217;accompagner le patient vers la gu\u00e9rison naturelle et le maintien de la sant\u00e9, toujours en compl\u00e9mentarit\u00e9 avec la m\u00e9decine conventionnelle.<\/p>\n<\/div>\n<\/div>\n\n\n\n<div class=\"wp-block-column is-vertically-aligned-center is-layout-flow wp-block-column-is-layout-flow\" style=\"flex-basis:50%\">\n<figure class=\"wp-block-image aligncenter size-full is-resized is-style-rounded is-style-rounded--2\"><img loading=\"lazy\" decoding=\"async\" width=\"960\" height=\"636\" src=\"https:\/\/lmnaturo-lyon.com\/wp-content\/uploads\/2025\/09\/tomate-basilique-HV-olive.jpg\" alt=\"\" class=\"wp-image-305\" style=\"aspect-ratio:0.75;object-fit:cover;width:337px;height:auto\" srcset=\"https:\/\/lmnaturo-lyon.com\/wp-content\/uploads\/2025\/09\/tomate-basilique-HV-olive.jpg 960w, https:\/\/lmnaturo-lyon.com\/wp-content\/uploads\/2025\/09\/tomate-basilique-HV-olive-300x199.jpg 300w, https:\/\/lmnaturo-lyon.com\/wp-content\/uploads\/2025\/09\/tomate-basilique-HV-olive-768x509.jpg 768w\" sizes=\"auto, (max-width: 960px) 100vw, 960px\" \/><\/figure>\n<\/div>\n<\/div>\n<\/div>\n\n\n\n<div class=\"wp-block-group alignwide has-accent-4-background-color has-background has-global-padding is-layout-constrained wp-container-core-group-is-layout-72d38984 wp-block-group-is-layout-constrained\" style=\"border-radius:49px;margin-top:0;margin-bottom:0;padding-top:0;padding-right:0;padding-bottom:0;padding-left:0\">\n<div class=\"wp-block-columns alignwide has-border-color has-base-background-color has-background is-layout-flex wp-container-core-columns-is-layout-cc4cf799 wp-block-columns-is-layout-flex\" style=\"border-color:#b1c5a4;border-width:7px;border-radius:50px;margin-top:var(--wp--preset--spacing--30);margin-bottom:var(--wp--preset--spacing--30);padding-right:0;padding-left:0\">\n<div class=\"wp-block-column is-vertically-aligned-center is-layout-flow wp-container-core-column-is-layout-d0b8a9be wp-block-column-is-layout-flow\" style=\"padding-right:var(--wp--preset--spacing--10);padding-left:var(--wp--preset--spacing--10);flex-basis:50%\">\n<figure class=\"wp-block-image aligncenter size-full is-resized is-style-rounded wp-duotone-unset-4 is-style-rounded--3\"><img loading=\"lazy\" decoding=\"async\" width=\"1200\" height=\"576\" src=\"https:\/\/lmnaturo-lyon.com\/wp-content\/uploads\/2025\/09\/healthy-foods.jpg-1.webp\" alt=\"\" class=\"wp-image-323\" style=\"aspect-ratio:1.3333333333333333;object-fit:cover;width:435px;height:auto\" srcset=\"https:\/\/lmnaturo-lyon.com\/wp-content\/uploads\/2025\/09\/healthy-foods.jpg-1.webp 1200w, https:\/\/lmnaturo-lyon.com\/wp-content\/uploads\/2025\/09\/healthy-foods.jpg-1-300x144.webp 300w, https:\/\/lmnaturo-lyon.com\/wp-content\/uploads\/2025\/09\/healthy-foods.jpg-1-1024x492.webp 1024w, https:\/\/lmnaturo-lyon.com\/wp-content\/uploads\/2025\/09\/healthy-foods.jpg-1-768x369.webp 768w\" sizes=\"auto, (max-width: 1200px) 100vw, 1200px\" \/><\/figure>\n<\/div>\n\n\n\n<div class=\"wp-block-column is-layout-flow wp-block-column-is-layout-flow\" style=\"padding-right:var(--wp--preset--spacing--10);padding-left:var(--wp--preset--spacing--10);flex-basis:50%\">\n<h2 class=\"wp-block-heading has-large-font-size\" style=\"padding-right:var(--wp--preset--spacing--10);padding-left:var(--wp--preset--spacing--10)\">Domaines d&#8217;intervention et approches th\u00e9rapeutiques<br><\/h2>\n\n\n\n<p>Le Heilpraktiker adopte une <strong>approche holistique<\/strong> de la sant\u00e9, consid\u00e9rant l&#8217;individu dans sa globalit\u00e9 (corps, esprit, environnement). Ils s&#8217;appuient sur une vaste palette de th\u00e9rapies naturelles et compl\u00e9mentaires&nbsp; (naturopathie, techniques manuelles, MTC\u2026)<\/p>\n\n\n\n<p>L&#8217;objectif principal du Heilpraktiker est de stimuler les capacit\u00e9s d&#8217;auto-gu\u00e9rison de l&#8217;organisme et de renforcer la vitalit\u00e9 du patient, en travaillant sur les causes profondes des d\u00e9s\u00e9quilibres plut\u00f4t que sur les seuls sympt\u00f4mes.<\/p>\n\n\n\n<div class=\"wp-block-buttons is-content-justification-center is-layout-flex wp-container-core-buttons-is-layout-a89b3969 wp-block-buttons-is-layout-flex\">\n<div class=\"wp-block-button is-style-fill\"><a class=\"wp-block-button__link has-accent-4-background-color has-background wp-element-button\" href=\"https:\/\/lmnaturo-lyon.com\/index.php\/mes-services-2\/\">Mes services<\/a><\/div>\n<\/div>\n<\/div>\n<\/div>\n<\/div>\n\n\n\n<div class=\"wp-block-group alignwide has-border-color has-accent-4-background-color has-background has-global-padding is-content-justification-left is-layout-constrained wp-container-core-group-is-layout-e9914f98 wp-block-group-is-layout-constrained\" style=\"border-color:#b1c5a4;border-radius:50px;min-height:0px;margin-top:0;margin-bottom:0;padding-top:var(--wp--preset--spacing--20);padding-right:var(--wp--preset--spacing--10);padding-bottom:var(--wp--preset--spacing--20);padding-left:var(--wp--preset--spacing--10)\">\n<div class=\"wp-block-columns alignwide is-layout-flex wp-container-core-columns-is-layout-a85f4655 wp-block-columns-is-layout-flex\">\n<div class=\"wp-block-column is-vertically-aligned-stretch has-global-padding is-content-justification-left is-layout-constrained wp-container-core-column-is-layout-12dd3699 wp-block-column-is-layout-constrained\" style=\"flex-basis:60%\">\n<div class=\"wp-block-group is-vertical is-content-justification-stretch is-layout-flex wp-container-core-group-is-layout-444d5ee8 wp-block-group-is-layout-flex\" style=\"min-height:100%\">\n<p class=\"has-heading-font-family has-large-font-size\" style=\"padding-right:var(--wp--preset--spacing--20);padding-left:var(--wp--preset--spacing--20);line-height:1.2\">Une inspiration pour la naturopathie fran\u00e7aise<\/p>\n\n\n\n<p>Bien que le titre de Heilpraktiker ne soit pas reconnu l\u00e9galement en France, la <strong>rigueur et l&#8217;\u00e9tendue de leur formation<\/strong> inspirent de nombreuses \u00e9coles de naturopathie fran\u00e7aises. Ces derni\u00e8res s&#8217;efforcent de proposer des cursus complets, ax\u00e9s sur une solide base de connaissances scientifiques et une ma\u00eetrise approfondie des outils naturels, pour former des praticiens comp\u00e9tents et responsables.<\/p>\n\n\n\n<p class=\"has-base-background-color has-background has-medium-font-size\" style=\"border-radius:50px\">\ud83d\udc49\ud83c\udffd En tant que th\u00e9rapeute install\u00e9e en France, je ne peux pas exercer le m\u00e9tier de Heilpraktiker comme en Allemagne, o\u00f9 ce titre donne acc\u00e8s \u00e0 un cadre l\u00e9gal bien d\u00e9fini et \u00e0 des actes sp\u00e9cifiques. N\u00e9anmoins, le fait d&#8217;avoir obtenu ce dipl\u00f4me apporte une valeur ajout\u00e9e \u00e0 ma pratique. C&#8217;est pour moi une fa\u00e7on de donner du cr\u00e9dit \u00e0 ma formation de naturopathe, d&#8217;ancrer mon approche dans un cadre rigoureux et de garantir \u00e0 mes clients un accompagnement s\u00e9rieux, respectueux et s\u00e9curis\u00e9.                                    <\/p>\n\n\n\n<p style=\"font-style:italic;font-weight:400\">La naturopathie ne se substitue pas \u00e0 la m\u00e9decine conventionnelle mais elle la compl\u00e8te, d&#8217;o\u00f9 son appartenance aux &#8220;m\u00e9decines compl\u00e9mentaires&#8221;<\/p>\n<\/div>\n<\/div>\n\n\n\n<div class=\"wp-block-column is-vertically-aligned-center is-layout-flow wp-block-column-is-layout-flow\" style=\"flex-basis:50%\">\n<figure class=\"wp-block-image aligncenter size-full is-resized is-style-rounded is-style-rounded--5\"><img loading=\"lazy\" decoding=\"async\" width=\"2560\" height=\"1440\" src=\"https:\/\/lmnaturo-lyon.com\/wp-content\/uploads\/2025\/09\/pexels-pripicart-631986-1-edited-scaled.jpg\" alt=\"\" class=\"wp-image-328\" style=\"aspect-ratio:0.75;object-fit:cover;width:403px;height:auto\" srcset=\"https:\/\/lmnaturo-lyon.com\/wp-content\/uploads\/2025\/09\/pexels-pripicart-631986-1-edited-scaled.jpg 2560w, https:\/\/lmnaturo-lyon.com\/wp-content\/uploads\/2025\/09\/pexels-pripicart-631986-1-edited-300x169.jpg 300w, https:\/\/lmnaturo-lyon.com\/wp-content\/uploads\/2025\/09\/pexels-pripicart-631986-1-edited-1024x576.jpg 1024w, https:\/\/lmnaturo-lyon.com\/wp-content\/uploads\/2025\/09\/pexels-pripicart-631986-1-edited-768x432.jpg 768w, https:\/\/lmnaturo-lyon.com\/wp-content\/uploads\/2025\/09\/pexels-pripicart-631986-1-edited-1536x864.jpg 1536w, https:\/\/lmnaturo-lyon.com\/wp-content\/uploads\/2025\/09\/pexels-pripicart-631986-1-edited-2048x1152.jpg 2048w\" sizes=\"auto, (max-width: 2560px) 100vw, 2560px\" \/><\/figure>\n\n\n\n<p><\/p>\n\n\n\n<div class=\"wp-block-buttons is-content-justification-center is-layout-flex wp-container-core-buttons-is-layout-a89b3969 wp-block-buttons-is-layout-flex\">\n<div class=\"wp-block-button\"><a class=\"wp-block-button__link wp-element-button\" href=\"https:\/\/lmnaturo-lyon.com\/index.php\/mes-services-2\/\">Mes services<\/a><\/div>\n<\/div>\n<\/div>\n<\/div>\n<\/div>\n","protected":false},"excerpt":{"rendered":"<p>Une approche singuli\u00e8re de la sant\u00e9 en Allemagne Peut-\u00eatre avez-vous d\u00e9j\u00e0 entendu parler des Heilpraktiker ? C&#8217;est une profession de sant\u00e9 unique en Allemagne, qui suscite souvent la curiosit\u00e9 et l&#8217;admiration pour sa profondeur et sa rigueur. Comprendre leur r\u00f4le permet de mieux saisir les fondements de certaines approches de la naturopathie moderne. Un statut [&hellip;]<\/p>\n","protected":false},"author":1,"featured_media":0,"parent":0,"menu_order":0,"comment_status":"closed","ping_status":"closed","template":"","meta":{"footnotes":""},"class_list":["post-86","page","type-page","status-publish","hentry"],"_links":{"self":[{"href":"https:\/\/lmnaturo-lyon.com\/index.php\/wp-json\/wp\/v2\/pages\/86","targetHints":{"allow":["GET"]}}],"collection":[{"href":"https:\/\/lmnaturo-lyon.com\/index.php\/wp-json\/wp\/v2\/pages"}],"about":[{"href":"https:\/\/lmnaturo-lyon.com\/index.php\/wp-json\/wp\/v2\/types\/page"}],"author":[{"embeddable":true,"href":"https:\/\/lmnaturo-lyon.com\/index.php\/wp-json\/wp\/v2\/users\/1"}],"replies":[{"embeddable":true,"href":"https:\/\/lmnaturo-lyon.com\/index.php\/wp-json\/wp\/v2\/comments?post=86"}],"version-history":[{"count":36,"href":"https:\/\/lmnaturo-lyon.com\/index.php\/wp-json\/wp\/v2\/pages\/86\/revisions"}],"predecessor-version":[{"id":495,"href":"https:\/\/lmnaturo-lyon.com\/index.php\/wp-json\/wp\/v2\/pages\/86\/revisions\/495"}],"wp:attachment":[{"href":"https:\/\/lmnaturo-lyon.com\/index.php\/wp-json\/wp\/v2\/media?parent=86"}],"curies":[{"name":"wp","href":"https:\/\/api.w.org\/{rel}","templated":true}]}}