{"id":3,"date":"2025-09-01T17:39:07","date_gmt":"2025-09-01T17:39:07","guid":{"rendered":"http:\/\/lmnaturo-lyon.com\/?page_id=3"},"modified":"2025-10-10T13:07:49","modified_gmt":"2025-10-10T13:07:49","slug":"privacy-policy","status":"publish","type":"page","link":"https:\/\/lmnaturo-lyon.com\/index.php\/privacy-policy\/","title":{"rendered":"Mentions l\u00e9gales"},"content":{"rendered":"\n<h2 class=\"wp-block-heading\">Informations sur l&#8217;\u00e9diteur du site <\/h2>\n\n\n\n<ul class=\"wp-block-list\">\n<li>Laetitia MARION<\/li>\n\n\n\n<li>69600 OULLINS-PIERRE-BENITE <\/li>\n\n\n\n<li>Mob : 06 37 79 67 91 \/ mail : lmarion.naturohp@gmail.com<\/li>\n\n\n\n<li>SIRET : 99211085800014<\/li>\n<\/ul>\n\n\n\n<h2 class=\"wp-block-heading\">H\u00e9bergeur du site Internet&nbsp;<\/h2>\n\n\n\n<p style=\"line-height:0.6\">OVH<\/p>\n\n\n\n<p style=\"line-height:0.6\">2 rue Kellermann\u00a0<\/p>\n\n\n\n<p style=\"line-height:0.6\">BP 80157 59053&nbsp;<\/p>\n\n\n\n<p style=\"line-height:0.6\">ROUBAIX CEDEX 1<\/p>\n\n\n\n<p style=\"line-height:0.6\">&nbsp;France <\/p>\n\n\n\n<h2 class=\"wp-block-heading\">Responsable de la publication<\/h2>\n\n\n\n<p>Laetitia MARION<\/p>\n\n\n\n<h2 class=\"wp-block-heading\">Propri\u00e9t\u00e9 intellectuelle<\/h2>\n\n\n\n<p>Toutes les marques, photographies, textes, commentaires, illustrations, images anim\u00e9es ou non, s\u00e9quences vid\u00e9o, sons, ainsi que toutes les applications informatiques qui pourraient \u00eatre utilis\u00e9es pour faire fonctionner le Site et plus g\u00e9n\u00e9ralement tous les \u00e9l\u00e9ments reproduits ou utilis\u00e9s sur le Site sont prot\u00e9g\u00e9s par les lois en vigueur au titre de la propri\u00e9t\u00e9 intellectuelle.<\/p>\n\n\n\n<p>Ils sont la propri\u00e9t\u00e9 pleine et enti\u00e8re de l\u2019Editeur ou de ses partenaires, sauf mentions particuli\u00e8res. Toute reproduction, repr\u00e9sentation, utilisation ou adaptation, sous quelque forme que ce soit, de tout ou partie de ces \u00e9l\u00e9ments, y compris les applications informatiques, sans l\u2019accord pr\u00e9alable et \u00e9crit de l\u2019Editeur, sont strictement interdites. Le fait pour l\u2019Editeur de ne pas engager de proc\u00e9dure d\u00e8s la prise de connaissance de ces utilisations non autoris\u00e9es ne vaut pas acceptation desdites utilisations et renonciation aux poursuites.<\/p>\n\n\n\n<p>Seule l\u2019utilisation pour un usage priv\u00e9 dans un cercle de famille est autoris\u00e9e et toute autre utilisation est constitutive de contrefa\u00e7on et\/ou d\u2019atteinte aux droits voisins, sanctionn\u00e9es par Code de la propri\u00e9t\u00e9 intellectuelle.<\/p>\n\n\n\n<p>La reprise de tout ou partie de ce contenu n\u00e9cessite l\u2019autorisation pr\u00e9alable de l\u2019Editeur ou du titulaire des droits sur ce contenu.<\/p>\n\n\n\n<h2 class=\"wp-block-heading\">Liens hypertextes&nbsp;<\/h2>\n\n\n\n<p>Le Site peut contenir des liens hypertexte donnant acc\u00e8s \u00e0 d\u2019autres sites web \u00e9dit\u00e9s et g\u00e9r\u00e9s par des tiers et non par l\u2019Editeur. L\u2019Editeur ne pourra \u00eatre tenu responsable directement ou indirectement dans le cas o\u00f9 lesdits sites tiers ne respecteraient pas les dispositions l\u00e9gales.<\/p>\n\n\n\n<h2 class=\"wp-block-heading\">Cookies et donn\u00e9es<\/h2>\n\n\n\n<p>Ce site utilise des cookies pour am\u00e9liorer votre exp\u00e9rience. En navigant, vous acceptez l&#8217;utilisation des cookies.<\/p>\n","protected":false},"excerpt":{"rendered":"<p>Informations sur l&#8217;\u00e9diteur du site H\u00e9bergeur du site Internet&nbsp; OVH 2 rue Kellermann\u00a0 BP 80157 59053&nbsp; ROUBAIX CEDEX 1 &nbsp;France Responsable de la publication Laetitia MARION Propri\u00e9t\u00e9 intellectuelle Toutes les marques, photographies, textes, commentaires, illustrations, images anim\u00e9es ou non, s\u00e9quences vid\u00e9o, sons, ainsi que toutes les applications informatiques qui pourraient \u00eatre utilis\u00e9es pour faire fonctionner [&hellip;]<\/p>\n","protected":false},"author":1,"featured_media":0,"parent":0,"menu_order":0,"comment_status":"closed","ping_status":"closed","template":"","meta":{"footnotes":""},"class_list":["post-3","page","type-page","status-publish","hentry"],"_links":{"self":[{"href":"https:\/\/lmnaturo-lyon.com\/index.php\/wp-json\/wp\/v2\/pages\/3","targetHints":{"allow":["GET"]}}],"collection":[{"href":"https:\/\/lmnaturo-lyon.com\/index.php\/wp-json\/wp\/v2\/pages"}],"about":[{"href":"https:\/\/lmnaturo-lyon.com\/index.php\/wp-json\/wp\/v2\/types\/page"}],"author":[{"embeddable":true,"href":"https:\/\/lmnaturo-lyon.com\/index.php\/wp-json\/wp\/v2\/users\/1"}],"replies":[{"embeddable":true,"href":"https:\/\/lmnaturo-lyon.com\/index.php\/wp-json\/wp\/v2\/comments?post=3"}],"version-history":[{"count":8,"href":"https:\/\/lmnaturo-lyon.com\/index.php\/wp-json\/wp\/v2\/pages\/3\/revisions"}],"predecessor-version":[{"id":513,"href":"https:\/\/lmnaturo-lyon.com\/index.php\/wp-json\/wp\/v2\/pages\/3\/revisions\/513"}],"wp:attachment":[{"href":"https:\/\/lmnaturo-lyon.com\/index.php\/wp-json\/wp\/v2\/media?parent=3"}],"curies":[{"name":"wp","href":"https:\/\/api.w.org\/{rel}","templated":true}]}}