{"id":29,"date":"2025-09-15T10:17:16","date_gmt":"2025-09-15T10:17:16","guid":{"rendered":"http:\/\/lmnaturo-lyon.com\/?page_id=29"},"modified":"2025-10-03T14:10:37","modified_gmt":"2025-10-03T14:10:37","slug":"naturopathie","status":"publish","type":"page","link":"https:\/\/lmnaturo-lyon.com\/index.php\/naturopathie\/","title":{"rendered":"La naturopathie"},"content":{"rendered":"\n<div class=\"wp-block-group is-nowrap is-layout-flex wp-container-core-group-is-layout-6c531013 wp-block-group-is-layout-flex\">\n<figure class=\"wp-block-image size-full is-resized img-logo.png wp-duotone-111111-a4a4a4-1\"><img loading=\"lazy\" decoding=\"async\" width=\"1955\" height=\"2000\" src=\"https:\/\/lmnaturo-lyon.com\/wp-content\/uploads\/2025\/09\/img-logo.png\" alt=\"\" class=\"wp-image-93\" style=\"width:171px;height:auto\" title=\"logo\" srcset=\"https:\/\/lmnaturo-lyon.com\/wp-content\/uploads\/2025\/09\/img-logo.png 1955w, https:\/\/lmnaturo-lyon.com\/wp-content\/uploads\/2025\/09\/img-logo-293x300.png 293w, https:\/\/lmnaturo-lyon.com\/wp-content\/uploads\/2025\/09\/img-logo-1001x1024.png 1001w, https:\/\/lmnaturo-lyon.com\/wp-content\/uploads\/2025\/09\/img-logo-768x786.png 768w, https:\/\/lmnaturo-lyon.com\/wp-content\/uploads\/2025\/09\/img-logo-1501x1536.png 1501w\" sizes=\"auto, (max-width: 1955px) 100vw, 1955px\" \/><\/figure>\n\n\n\n<p class=\"has-large-font-size\">Une approche naturelle, holistique, \u00e9ducative et pr\u00e9ventive de la sant\u00e9.<\/p>\n<\/div>\n\n\n\n<div class=\"wp-block-group alignwide has-border-color has-accent-4-background-color has-background has-global-padding is-layout-constrained wp-container-core-group-is-layout-df094c0b wp-block-group-is-layout-constrained\" style=\"border-color:#b1c5a4;border-radius:50px;margin-top:var(--wp--preset--spacing--20);margin-bottom:var(--wp--preset--spacing--20);padding-top:var(--wp--preset--spacing--20);padding-right:var(--wp--preset--spacing--20);padding-bottom:var(--wp--preset--spacing--20);padding-left:var(--wp--preset--spacing--20)\">\n<h2 class=\"wp-block-heading alignwide has-text-align-left has-large-font-size\">La naturopathie, qu&#8217;est ce que c&#8217;est ?<\/h2>\n\n\n\n<div class=\"wp-block-columns alignwide is-layout-flex wp-container-core-columns-is-layout-1da03c2a wp-block-columns-is-layout-flex\">\n<div class=\"wp-block-column is-vertically-aligned-center is-layout-flow wp-block-column-is-layout-flow\" style=\"flex-basis:50%\">\n<figure class=\"wp-block-image aligncenter size-large is-resized is-style-rounded is-style-rounded--2\"><img loading=\"lazy\" decoding=\"async\" width=\"683\" height=\"1024\" src=\"https:\/\/lmnaturo-lyon.com\/wp-content\/uploads\/2025\/09\/pexels-alesiakozik-7342984-683x1024.jpg\" alt=\"\" class=\"wp-image-285\" style=\"width:302px;height:auto\" srcset=\"https:\/\/lmnaturo-lyon.com\/wp-content\/uploads\/2025\/09\/pexels-alesiakozik-7342984-683x1024.jpg 683w, https:\/\/lmnaturo-lyon.com\/wp-content\/uploads\/2025\/09\/pexels-alesiakozik-7342984-200x300.jpg 200w, https:\/\/lmnaturo-lyon.com\/wp-content\/uploads\/2025\/09\/pexels-alesiakozik-7342984-768x1152.jpg 768w, https:\/\/lmnaturo-lyon.com\/wp-content\/uploads\/2025\/09\/pexels-alesiakozik-7342984-1024x1536.jpg 1024w, https:\/\/lmnaturo-lyon.com\/wp-content\/uploads\/2025\/09\/pexels-alesiakozik-7342984-1365x2048.jpg 1365w, https:\/\/lmnaturo-lyon.com\/wp-content\/uploads\/2025\/09\/pexels-alesiakozik-7342984-scaled.jpg 1707w\" sizes=\"auto, (max-width: 683px) 100vw, 683px\" \/><\/figure>\n<\/div>\n\n\n\n<div class=\"wp-block-column is-vertically-aligned-stretch is-layout-flow wp-block-column-is-layout-flow\" style=\"flex-basis:50%\">\n<div class=\"wp-block-group is-vertical is-content-justification-stretch is-layout-flex wp-container-core-group-is-layout-444d5ee8 wp-block-group-is-layout-flex\" style=\"min-height:100%\">\n<p class=\"has-heading-font-family has-medium-font-size\" style=\"line-height:1.5\">Il s\u2019agit d\u2019une approche naturelle, holistique, \u00e9ducative et pr\u00e9ventive de la sant\u00e9. Le but \u00e9tant de prendre en compte l\u2019\u00eatre humain dans sa globalit\u00e9 (autant sur la sph\u00e8re physique, qu\u2019\u00e9motionnelle). Elle vise \u00e0 soutenir, stimuler et renforcer la sant\u00e9 globale de l&#8217;individu, la qualit\u00e9 de vie ainsi que les processus d&#8217;auto-gu\u00e9rison \u00e0 l&#8217;aide de moyens naturels.<\/p>\n\n\n\n<p>Le r\u00f4le du naturopathe peut s\u2019apparenter \u00e0 celui d\u2019un \u00e9ducateur de sant\u00e9 qui vous accompagne pour retrouver ou maintenir un bon \u00e9tat de sant\u00e9 et de vitalit\u00e9 au travers des 4 lois de la sant\u00e9&nbsp;:&nbsp;<\/p>\n\n\n\n<ul class=\"wp-block-list\">\n<li>Bien se nourrir&nbsp;: l\u2019hygi\u00e8ne alimentaire<\/li>\n\n\n\n<li>Bien \u00e9liminer&nbsp;: l\u2019hygi\u00e8ne \u00e9monctorielle<\/li>\n\n\n\n<li>Se reposer et se recharger&nbsp;: l\u2019hygi\u00e8ne physique et nerveuse&nbsp;<\/li>\n\n\n\n<li>Se recentrer et se r\u00e9-harmoniser&nbsp;: l\u2019hygi\u00e8ne psycho-\u00e9motionnelle&nbsp;<\/li>\n<\/ul>\n<\/div>\n<\/div>\n<\/div>\n\n\n\n<div class=\"wp-block-buttons alignwide is-content-justification-center is-layout-flex wp-container-core-buttons-is-layout-a89b3969 wp-block-buttons-is-layout-flex\">\n<div class=\"wp-block-button\"><a class=\"wp-block-button__link wp-element-button\" href=\"https:\/\/lmnaturo-lyon.com\/index.php\/mes-services-2\/\">Mes services <\/a><\/div>\n<\/div>\n<\/div>\n\n\n\n<div class=\"wp-block-group alignwide has-border-color has-global-padding is-layout-constrained wp-container-core-group-is-layout-df094c0b wp-block-group-is-layout-constrained\" style=\"border-color:#b1c5a4;border-radius:50px;margin-top:var(--wp--preset--spacing--20);margin-bottom:var(--wp--preset--spacing--20);padding-top:var(--wp--preset--spacing--20);padding-right:var(--wp--preset--spacing--20);padding-bottom:var(--wp--preset--spacing--20);padding-left:var(--wp--preset--spacing--20)\">\n<h2 class=\"wp-block-heading alignwide has-text-align-left has-large-font-size\">Un peu d&#8217;histoire <\/h2>\n\n\n\n<div class=\"wp-block-columns alignwide are-vertically-aligned-center is-layout-flex wp-container-core-columns-is-layout-1da03c2a wp-block-columns-is-layout-flex\">\n<div class=\"wp-block-column is-vertically-aligned-center is-layout-flow wp-block-column-is-layout-flow\" style=\"flex-basis:50%\">\n<div class=\"wp-block-group is-vertical is-content-justification-stretch is-layout-flex wp-container-core-group-is-layout-353c4f5a wp-block-group-is-layout-flex\" style=\"min-height:100%\">\n<p class=\"has-heading-font-family has-medium-font-size\" style=\"line-height:1.5\">La naturopathie tire ses origines d\u2019Hippocrate (M\u00e9decin Grec du IV\u00e8me si\u00e8cle avant J.C). Ainsi, les grands principes de la naturopathie sont les suivants&nbsp;:&nbsp;<\/p>\n\n\n\n<ul class=\"wp-block-list\">\n<li>D\u2019abord, ne pas nuire (primum non nocere)<\/li>\n\n\n\n<li>La nature est gu\u00e9risseuse<\/li>\n\n\n\n<li>Identifier et traiter la cause (tolle causam)<\/li>\n\n\n\n<li>Traiter la personne dans sa globalit\u00e9<\/li>\n\n\n\n<li>Le th\u00e9rapeute est un \u00e9ducateur <\/li>\n\n\n\n<li>La pr\u00e9vention est la meilleure des cures <\/li>\n\n\n\n<li>Etablir la sant\u00e9 et le bien<\/li>\n<\/ul>\n\n\n\n<p><strong>Aujourd&#8217;hui<\/strong>, c&#8217;est une m\u00e9decine traditionnelle, reconnue par l\u2019Organisation Mondiale de la Sant\u00e9 (O.M.S.), compl\u00e9mentaire de la m\u00e9decine allopathique.<\/p>\n\n\n\n<p>Selon l\u2019O.M.S. \u00ab la naturopathie est un ensemble de m\u00e9thodes de soins visant \u00e0 renforcer les d\u00e9fenses de l\u2019organisme par des moyens consid\u00e9r\u00e9s comme naturels et biologiques \u00bb<\/p>\n\n\n\n<p>L\u2019O.M.S. classe la Naturopathie 3\u00e8me m\u00e9decine non conventionnelle<\/p>\n<\/div>\n<\/div>\n\n\n\n<div class=\"wp-block-column is-layout-flow wp-block-column-is-layout-flow\" style=\"flex-basis:50%\">\n<figure class=\"wp-block-image size-full\"><img loading=\"lazy\" decoding=\"async\" width=\"851\" height=\"1024\" src=\"https:\/\/lmnaturo-lyon.com\/wp-content\/uploads\/2025\/09\/portrait-de-hippocrate-medecin-grec-ff85a0-1024.jpg\" alt=\"\" class=\"wp-image-336\" srcset=\"https:\/\/lmnaturo-lyon.com\/wp-content\/uploads\/2025\/09\/portrait-de-hippocrate-medecin-grec-ff85a0-1024.jpg 851w, https:\/\/lmnaturo-lyon.com\/wp-content\/uploads\/2025\/09\/portrait-de-hippocrate-medecin-grec-ff85a0-1024-249x300.jpg 249w, https:\/\/lmnaturo-lyon.com\/wp-content\/uploads\/2025\/09\/portrait-de-hippocrate-medecin-grec-ff85a0-1024-768x924.jpg 768w\" sizes=\"auto, (max-width: 851px) 100vw, 851px\" \/><\/figure>\n<\/div>\n<\/div>\n\n\n\n<div class=\"wp-block-buttons alignwide is-content-justification-center is-layout-flex wp-container-core-buttons-is-layout-a89b3969 wp-block-buttons-is-layout-flex\">\n<div class=\"wp-block-button is-style-fill\"><a class=\"wp-block-button__link has-base-2-color has-accent-4-background-color has-text-color has-background has-link-color wp-element-button\" href=\"https:\/\/lmnaturo-lyon.com\/index.php\/mes-services-2\/\">Mes services<\/a><\/div>\n<\/div>\n<\/div>\n\n\n\n<div class=\"wp-block-group alignwide has-border-color has-accent-4-background-color has-background has-global-padding is-layout-constrained wp-container-core-group-is-layout-4ba6891d wp-block-group-is-layout-constrained\" style=\"border-color:#b1c5a4;border-radius:50px;margin-top:var(--wp--preset--spacing--20);margin-bottom:var(--wp--preset--spacing--20);padding-top:var(--wp--preset--spacing--20);padding-right:var(--wp--preset--spacing--20);padding-bottom:var(--wp--preset--spacing--20);padding-left:var(--wp--preset--spacing--20)\">\n<h2 class=\"wp-block-heading alignwide has-text-align-left has-large-font-size\">Pourquoi consulter ?<\/h2>\n\n\n\n<div class=\"wp-block-columns alignwide is-layout-flex wp-container-core-columns-is-layout-1da03c2a wp-block-columns-is-layout-flex\">\n<div class=\"wp-block-column is-vertically-aligned-center is-layout-flow wp-block-column-is-layout-flow\" style=\"flex-basis:50%\">\n<figure class=\"wp-block-image aligncenter size-large is-resized is-style-rounded is-style-rounded--3\"><img loading=\"lazy\" decoding=\"async\" width=\"683\" height=\"1024\" src=\"https:\/\/lmnaturo-lyon.com\/wp-content\/uploads\/2025\/09\/pexels-lina-1524232-683x1024.jpg\" alt=\"\" class=\"wp-image-289\" style=\"width:302px;height:auto\" srcset=\"https:\/\/lmnaturo-lyon.com\/wp-content\/uploads\/2025\/09\/pexels-lina-1524232-683x1024.jpg 683w, https:\/\/lmnaturo-lyon.com\/wp-content\/uploads\/2025\/09\/pexels-lina-1524232-200x300.jpg 200w, https:\/\/lmnaturo-lyon.com\/wp-content\/uploads\/2025\/09\/pexels-lina-1524232-768x1152.jpg 768w, https:\/\/lmnaturo-lyon.com\/wp-content\/uploads\/2025\/09\/pexels-lina-1524232-1024x1536.jpg 1024w, https:\/\/lmnaturo-lyon.com\/wp-content\/uploads\/2025\/09\/pexels-lina-1524232-1365x2048.jpg 1365w, https:\/\/lmnaturo-lyon.com\/wp-content\/uploads\/2025\/09\/pexels-lina-1524232-scaled.jpg 1707w\" sizes=\"auto, (max-width: 683px) 100vw, 683px\" \/><\/figure>\n<\/div>\n\n\n\n<div class=\"wp-block-column is-vertically-aligned-stretch is-layout-flow wp-block-column-is-layout-flow\" style=\"flex-basis:50%\">\n<div class=\"wp-block-group is-vertical is-content-justification-stretch is-layout-flex wp-container-core-group-is-layout-444d5ee8 wp-block-group-is-layout-flex\" style=\"min-height:100%\">\n<p><strong>Agir en pr\u00e9vention :&nbsp;<\/strong><\/p>\n\n\n\n<ul class=\"wp-block-list\">\n<li>\u200b\u200bPr\u00e9server son capital sant\u00e9<\/li>\n\n\n\n<li>Avoir plus d&#8217;\u00e9nergie vitale<\/li>\n\n\n\n<li>Am\u00e9liorer son hygi\u00e8ne de vie<\/li>\n\n\n\n<li>Renforcer son syst\u00e8me immunitaire<\/li>\n\n\n\n<li>Accompagnement du sportif<\/li>\n<\/ul>\n\n\n\n<p><strong>R\u00e9\u00e9quilibrer et renforcer l&#8217;organisme : <\/strong><\/p>\n\n\n\n<ul class=\"wp-block-list\">\n<li>Troubles m\u00e9taboliques <\/li>\n\n\n\n<li>Troubles digestifs chroniques <\/li>\n\n\n\n<li>Maladies inflammatoires chroniques<\/li>\n\n\n\n<li>Maladies auto-immunes<\/li>\n\n\n\n<li>Endom\u00e9triose, acn\u00e9, SOPK<\/li>\n\n\n\n<li>Fatigue chronique et&nbsp;\u00e9puisement<\/li>\n\n\n\n<li>D\u00e9s\u00e9quilibres hormonaux<\/li>\n\n\n\n<li>Prise et perte de poids<\/li>\n\n\n\n<li>Gestion du stress et des \u00e9motions<\/li>\n\n\n\n<li>&#8230;<\/li>\n<\/ul>\n\n\n\n<p style=\"font-style:italic;font-weight:400\"><mark style=\"background-color:rgba(0, 0, 0, 0)\" class=\"has-inline-color has-contrast-color\">La naturopathie ne se substitue pas \u00e0 la m\u00e9decine conventionnelle mais elle la compl\u00e8te, d&#8217;o\u00f9 son appartenance aux &#8220;m\u00e9decines compl\u00e9mentaires&#8221;<\/mark><\/p>\n<\/div>\n<\/div>\n<\/div>\n\n\n\n<div class=\"wp-block-buttons is-content-justification-center is-layout-flex wp-container-core-buttons-is-layout-a89b3969 wp-block-buttons-is-layout-flex\">\n<div class=\"wp-block-button\"><a class=\"wp-block-button__link wp-element-button\" href=\"https:\/\/lmnaturo-lyon.com\/index.php\/mes-services-2\/\">Mes services<\/a><\/div>\n<\/div>\n<\/div>\n\n\n\n<p><\/p>\n","protected":false},"excerpt":{"rendered":"<p>Une approche naturelle, holistique, \u00e9ducative et pr\u00e9ventive de la sant\u00e9. La naturopathie, qu&#8217;est ce que c&#8217;est ? Il s\u2019agit d\u2019une approche naturelle, holistique, \u00e9ducative et pr\u00e9ventive de la sant\u00e9. Le but \u00e9tant de prendre en compte l\u2019\u00eatre humain dans sa globalit\u00e9 (autant sur la sph\u00e8re physique, qu\u2019\u00e9motionnelle). Elle vise \u00e0 soutenir, stimuler et renforcer la [&hellip;]<\/p>\n","protected":false},"author":1,"featured_media":0,"parent":0,"menu_order":0,"comment_status":"closed","ping_status":"closed","template":"","meta":{"footnotes":""},"class_list":["post-29","page","type-page","status-publish","hentry"],"_links":{"self":[{"href":"https:\/\/lmnaturo-lyon.com\/index.php\/wp-json\/wp\/v2\/pages\/29","targetHints":{"allow":["GET"]}}],"collection":[{"href":"https:\/\/lmnaturo-lyon.com\/index.php\/wp-json\/wp\/v2\/pages"}],"about":[{"href":"https:\/\/lmnaturo-lyon.com\/index.php\/wp-json\/wp\/v2\/types\/page"}],"author":[{"embeddable":true,"href":"https:\/\/lmnaturo-lyon.com\/index.php\/wp-json\/wp\/v2\/users\/1"}],"replies":[{"embeddable":true,"href":"https:\/\/lmnaturo-lyon.com\/index.php\/wp-json\/wp\/v2\/comments?post=29"}],"version-history":[{"count":52,"href":"https:\/\/lmnaturo-lyon.com\/index.php\/wp-json\/wp\/v2\/pages\/29\/revisions"}],"predecessor-version":[{"id":494,"href":"https:\/\/lmnaturo-lyon.com\/index.php\/wp-json\/wp\/v2\/pages\/29\/revisions\/494"}],"wp:attachment":[{"href":"https:\/\/lmnaturo-lyon.com\/index.php\/wp-json\/wp\/v2\/media?parent=29"}],"curies":[{"name":"wp","href":"https:\/\/api.w.org\/{rel}","templated":true}]}}