{"id":114,"date":"2025-09-17T13:35:39","date_gmt":"2025-09-17T13:35:39","guid":{"rendered":"http:\/\/lmnaturo-lyon.com\/?page_id=114"},"modified":"2025-10-03T16:13:18","modified_gmt":"2025-10-03T16:13:18","slug":"mes-services-2","status":"publish","type":"page","link":"https:\/\/lmnaturo-lyon.com\/index.php\/mes-services-2\/","title":{"rendered":"Mes services"},"content":{"rendered":"\n<div class=\"wp-block-group is-nowrap is-layout-flex wp-container-core-group-is-layout-20ec0a35 wp-block-group-is-layout-flex\" style=\"margin-top:var(--wp--preset--spacing--20);margin-bottom:var(--wp--preset--spacing--20)\">\n<figure class=\"wp-block-image size-full is-resized has-custom-border logo wp-duotone-111111-a4a4a4-1\" id=\"img-logo.png\"><img loading=\"lazy\" decoding=\"async\" width=\"1955\" height=\"2000\" src=\"https:\/\/lmnaturo-lyon.com\/wp-content\/uploads\/2025\/09\/img-logo.png\" alt=\"\" class=\"has-border-color has-accent-5-border-color wp-image-93\" style=\"border-width:1px;border-radius:100px;width:170px\" srcset=\"https:\/\/lmnaturo-lyon.com\/wp-content\/uploads\/2025\/09\/img-logo.png 1955w, https:\/\/lmnaturo-lyon.com\/wp-content\/uploads\/2025\/09\/img-logo-293x300.png 293w, https:\/\/lmnaturo-lyon.com\/wp-content\/uploads\/2025\/09\/img-logo-1001x1024.png 1001w, https:\/\/lmnaturo-lyon.com\/wp-content\/uploads\/2025\/09\/img-logo-768x786.png 768w, https:\/\/lmnaturo-lyon.com\/wp-content\/uploads\/2025\/09\/img-logo-1501x1536.png 1501w\" sizes=\"auto, (max-width: 1955px) 100vw, 1955px\" \/><\/figure>\n\n\n\n<h2 class=\"wp-block-heading has-large-font-size\">Ici, tout est expliqu\u00e9 : parce que bien-\u00eatre ne doit jamais \u00eatre compliqu\u00e9<\/h2>\n<\/div>\n\n\n\n<div class=\"wp-block-group alignwide has-accent-4-background-color has-background has-global-padding is-layout-constrained wp-container-core-group-is-layout-c108ca49 wp-block-group-is-layout-constrained\" style=\"border-radius:50px;margin-top:0;margin-bottom:0;padding-top:0;padding-right:var(--wp--preset--spacing--20);padding-bottom:0;padding-left:var(--wp--preset--spacing--20)\">\n<h2 class=\"wp-block-heading alignwide has-text-align-left is-style-default has-large-font-size\" style=\"padding-top:var(--wp--preset--spacing--10);padding-bottom:var(--wp--preset--spacing--10)\">Consultations en Naturopathie \/ Heilpraktiker<\/h2>\n\n\n\n<div class=\"wp-block-columns alignwide is-layout-flex wp-container-core-columns-is-layout-a1e0bb68 wp-block-columns-is-layout-flex\" style=\"padding-top:var(--wp--preset--spacing--20);padding-bottom:var(--wp--preset--spacing--20)\">\n<div class=\"wp-block-column is-vertically-aligned-stretch is-layout-flow wp-block-column-is-layout-flow\" style=\"flex-basis:50%\">\n<div class=\"wp-block-group is-vertical is-content-justification-stretch is-layout-flex wp-container-core-group-is-layout-43b182b6 wp-block-group-is-layout-flex\" style=\"min-height:100%;padding-top:var(--wp--preset--spacing--10);padding-right:var(--wp--preset--spacing--10);padding-bottom:var(--wp--preset--spacing--10);padding-left:var(--wp--preset--spacing--10)\">\n<h3 class=\"wp-block-heading has-text-align-left is-style-asterisk has-body-font-family has-medium-font-size\" style=\"font-style:normal;font-weight:600\">Le 1<sup>er<\/sup> RDV dure environ 1h30, il s\u2019agit d\u2019un bilan complet en naturopathie<\/h3>\n\n\n\n<p class=\"has-text-align-left\">Qu\u2019est-ce que nous aborderons&nbsp;: vos attentes avant tout&nbsp;!, Mais aussi votre hygi\u00e8ne de vie, les \u00e9ventuels ant\u00e9c\u00e9dents et votre style de vie. Il n\u2019y a pas de bonnes ou mauvaises r\u00e9ponses, chacun est unique de par sa g\u00e9n\u00e9tique, et son style de vie et l\u2019id\u00e9e est d\u2019analyser vos forces et faiblesses pour pr\u00e9server votre pleine sant\u00e9 ou pour trouver les causes de vos \u00e9ventuels dysfonctionnements. Je vous explique ces diff\u00e9rents processus (ce qui est compris est toujours plus facilement applicable) et nous mettons en place des actions ensemble en accord avec votre style de vie, ce qui est r\u00e9alisable pour vous.<\/p>\n\n\n\n<p class=\"has-text-align-left\">A l\u2019issue de ce RDV, je construis votre programme conseils sur mesure.<\/p>\n\n\n\n<div class=\"wp-block-group has-global-padding is-layout-constrained wp-block-group-is-layout-constrained\">\n<h3 class=\"wp-block-heading has-text-align-left is-style-asterisk has-body-font-family has-medium-font-size\" style=\"font-style:normal;font-weight:600\">Les consultations de suivi durent environ 1h.<\/h3>\n<\/div>\n\n\n\n<p>Il s\u2019agit de faire le point sur votre \u00e9volution&nbsp;: ajuster, aller plus loin, aborder des probl\u00e9matiques secondaires.<\/p>\n\n\n\n<p style=\"font-style:italic;font-weight:400\">La naturopathie ne se substitue pas \u00e0 la m\u00e9decine conventionnelle mais elle la compl\u00e8te, d&#8217;o\u00f9 son appartenance aux &#8220;m\u00e9decines compl\u00e9mentaires&#8221;<\/p>\n<\/div>\n<\/div>\n\n\n\n<div class=\"wp-block-column is-vertically-aligned-center is-layout-flow wp-block-column-is-layout-flow\" style=\"flex-basis:50%\">\n<figure class=\"wp-block-image size-large is-style-rounded wp-duotone-unset-3 is-style-rounded--2\" style=\"margin-top:0;margin-right:0;margin-bottom:0;margin-left:0\"><img loading=\"lazy\" decoding=\"async\" width=\"1024\" height=\"683\" src=\"https:\/\/lmnaturo-lyon.com\/wp-content\/uploads\/2025\/09\/pexels-olly-712413-1024x683.jpg\" alt=\"\" class=\"wp-image-301\" style=\"aspect-ratio:3\/4;object-fit:cover\" srcset=\"https:\/\/lmnaturo-lyon.com\/wp-content\/uploads\/2025\/09\/pexels-olly-712413-1024x683.jpg 1024w, https:\/\/lmnaturo-lyon.com\/wp-content\/uploads\/2025\/09\/pexels-olly-712413-300x200.jpg 300w, https:\/\/lmnaturo-lyon.com\/wp-content\/uploads\/2025\/09\/pexels-olly-712413-768x512.jpg 768w, https:\/\/lmnaturo-lyon.com\/wp-content\/uploads\/2025\/09\/pexels-olly-712413-1536x1024.jpg 1536w, https:\/\/lmnaturo-lyon.com\/wp-content\/uploads\/2025\/09\/pexels-olly-712413-2048x1365.jpg 2048w\" sizes=\"auto, (max-width: 1024px) 100vw, 1024px\" \/><\/figure>\n\n\n\n<div class=\"wp-block-buttons is-content-justification-center is-layout-flex wp-container-core-buttons-is-layout-a89b3969 wp-block-buttons-is-layout-flex\">\n<div class=\"wp-block-button\"><a class=\"wp-block-button__link wp-element-button\" href=\"https:\/\/lmnaturo-lyon.com\/index.php\/mes-services\/\">Me contacter<\/a><\/div>\n<\/div>\n<\/div>\n<\/div>\n<\/div>\n\n\n\n<div class=\"wp-block-group alignwide has-border-color has-base-background-color has-background has-global-padding is-layout-constrained wp-container-core-group-is-layout-a04c3541 wp-block-group-is-layout-constrained\" style=\"border-color:#b1c5a4;border-radius:50px;margin-top:var(--wp--preset--spacing--30);margin-bottom:var(--wp--preset--spacing--30);padding-top:var(--wp--preset--spacing--10);padding-right:var(--wp--preset--spacing--20);padding-bottom:var(--wp--preset--spacing--10);padding-left:var(--wp--preset--spacing--20)\">\n<div class=\"wp-block-columns alignwide is-layout-flex wp-container-core-columns-is-layout-549b0c86 wp-block-columns-is-layout-flex\">\n<div class=\"wp-block-column has-global-padding is-content-justification-left is-layout-constrained wp-container-core-column-is-layout-4f15e8fe wp-block-column-is-layout-constrained\" style=\"flex-basis:40%\">\n<figure class=\"wp-block-image alignfull size-full\" style=\"margin-top:var(--wp--preset--spacing--60);margin-bottom:var(--wp--preset--spacing--60)\"><img loading=\"lazy\" decoding=\"async\" width=\"960\" height=\"638\" src=\"https:\/\/lmnaturo-lyon.com\/wp-content\/uploads\/2025\/09\/refexo.jpg\" alt=\"\" class=\"wp-image-299\" srcset=\"https:\/\/lmnaturo-lyon.com\/wp-content\/uploads\/2025\/09\/refexo.jpg 960w, https:\/\/lmnaturo-lyon.com\/wp-content\/uploads\/2025\/09\/refexo-300x199.jpg 300w, https:\/\/lmnaturo-lyon.com\/wp-content\/uploads\/2025\/09\/refexo-768x510.jpg 768w\" sizes=\"auto, (max-width: 960px) 100vw, 960px\" \/><\/figure>\n<\/div>\n\n\n\n<div class=\"wp-block-column is-layout-flow wp-container-core-column-is-layout-119bc444 wp-block-column-is-layout-flow\" style=\"flex-basis:60%\">\n<h2 class=\"wp-block-heading has-large-font-size\">S\u00e9ances de R\u00e9flexologie Plantaire<\/h2>\n\n\n\n<div class=\"wp-block-columns is-layout-flex wp-container-core-columns-is-layout-87beb0d0 wp-block-columns-is-layout-flex\">\n<div class=\"wp-block-column is-layout-flow wp-block-column-is-layout-flow\">\n<div class=\"wp-block-group has-global-padding is-layout-constrained wp-block-group-is-layout-constrained\">\n<h3 class=\"wp-block-heading has-text-align-left is-style-asterisk has-body-font-family has-medium-font-size\" style=\"font-style:normal;font-weight:600\">R\u00e9flexologie pour adultes :<\/h3>\n<\/div>\n\n\n\n<p class=\"wp-container-content-9cfa9a5a\">La consultation dure 1h<\/p>\n\n\n\n<p>Un petit temps d\u2019\u00e9change de 15 minutes environ afin d\u2019adapter le soin \u00e0 vos envies \/ besoins puis 45 minutes de soin.<\/p>\n<\/div>\n\n\n\n<div class=\"wp-block-column is-layout-flow wp-block-column-is-layout-flow\">\n<div class=\"wp-block-group has-global-padding is-layout-constrained wp-block-group-is-layout-constrained\">\n<h3 class=\"wp-block-heading has-text-align-left is-style-asterisk has-body-font-family has-medium-font-size\" style=\"font-style:normal;font-weight:600\">R\u00e9flexologie pour enfants&nbsp;:<\/h3>\n<\/div>\n\n\n\n<p>La consultation dure 40 minutes<\/p>\n\n\n\n<p>Un petit temps d\u2019\u00e9change de 15 minutes environ afin de d\u2019adapter le soin \u00e0 vos envies \/ besoins puis 25 minutes de soin.<\/p>\n<\/div>\n<\/div>\n\n\n\n<div class=\"wp-block-buttons is-content-justification-center is-layout-flex wp-container-core-buttons-is-layout-a89b3969 wp-block-buttons-is-layout-flex\">\n<div class=\"wp-block-button\"><a class=\"wp-block-button__link has-accent-4-background-color has-background wp-element-button\" href=\"https:\/\/lmnaturo-lyon.com\/index.php\/mes-services\/\">Me contacter<\/a><\/div>\n<\/div>\n<\/div>\n<\/div>\n<\/div>\n\n\n\n<div class=\"wp-block-group alignwide has-accent-4-background-color has-background has-global-padding is-layout-constrained wp-container-core-group-is-layout-c108ca49 wp-block-group-is-layout-constrained\" style=\"border-radius:50px;margin-top:0;margin-bottom:0;padding-top:0;padding-right:var(--wp--preset--spacing--20);padding-bottom:0;padding-left:var(--wp--preset--spacing--20)\">\n<h2 class=\"wp-block-heading alignwide has-text-align-left is-style-default has-large-font-size\" style=\"padding-top:var(--wp--preset--spacing--10);padding-bottom:var(--wp--preset--spacing--10)\">Interventions en entreprise<\/h2>\n\n\n\n<div class=\"wp-block-columns alignwide is-layout-flex wp-container-core-columns-is-layout-1da03c2a wp-block-columns-is-layout-flex\">\n<div class=\"wp-block-column is-vertically-aligned-stretch is-layout-flow wp-block-column-is-layout-flow\" style=\"flex-basis:66%\">\n<div class=\"wp-block-group is-vertical is-content-justification-stretch is-layout-flex wp-container-core-group-is-layout-43b182b6 wp-block-group-is-layout-flex\" style=\"min-height:100%;padding-top:var(--wp--preset--spacing--10);padding-right:var(--wp--preset--spacing--10);padding-bottom:var(--wp--preset--spacing--10);padding-left:var(--wp--preset--spacing--10)\">\n<p><strong>\ud83c\udf3f<\/strong><strong> Cultiver le bien-\u00eatre en entreprise<\/strong><\/p>\n\n\n\n<p>Aujourd\u2019hui plus que jamais, les entreprises qui prennent soin de leurs \u00e9quipes font la diff\u00e9rence. Parce <strong>qu\u2019un collaborateur \u00e9cout\u00e9, consid\u00e9r\u00e9, soutenu\u2026 est un collaborateur plus serein, plus pr\u00e9sent, plus engag\u00e9.<\/strong><\/p>\n\n\n\n<p>J\u2019interviens en entreprise pour proposer des pauses bien-\u00eatre \u00e0 la fois simples et profondes, pens\u00e9es pour s\u2019adapter aux rythmes et aux besoins du monde professionnel :<\/p>\n\n\n\n<div class=\"wp-block-group is-nowrap is-layout-flex wp-container-core-group-is-layout-6c531013 wp-block-group-is-layout-flex\">\n<p>\ud83e\uddb6 <strong>R\u00e9flexologie plantaire<\/strong> : un moment de d\u00e9tente accessible \u00e0 tous, directement sur le lieu de travail. Sans avoir \u00e0 se livrer, ni \u00e0 s\u2019absenter longtemps, chaque s\u00e9ance permet de rel\u00e2cher les tensions, de retrouver calme et clart\u00e9 d\u2019esprit.<\/p>\n<\/div>\n\n\n\n<div class=\"wp-block-group is-nowrap is-layout-flex wp-container-core-group-is-layout-6c531013 wp-block-group-is-layout-flex\">\n<p>\ud83c\udf31 <strong>Ateliers th\u00e9matiques<\/strong> : alimentation, gestion du stress, sommeil, sucre&#8230; autant de sujets essentiels abord\u00e9s avec bienveillance et p\u00e9dagogie. L\u2019objectif : transmettre des cl\u00e9s concr\u00e8tes pour mieux vivre son quotidien, au travail comme \u00e0 la maison.<\/p>\n<\/div>\n\n\n\n<p>Ces interventions s\u2019int\u00e8grent facilement dans la vie de l\u2019entreprise. Elles participent \u00e0 cr\u00e9er une atmosph\u00e8re plus humaine, plus consciente, plus vivante.<\/p>\n\n\n\n<p>\u2728 Parce que prendre soin du bien-\u00eatre de vos \u00e9quipes, c\u2019est faire un choix durable : celui d\u2019une entreprise qui rayonne de l\u2019int\u00e9rieur en stabilisant ses forces humaines.<\/p>\n\n\n\n<p><strong>Chaque entreprise est unique&nbsp;! Rencontrons-nous pour en parler&nbsp;!<\/strong><\/p>\n<\/div>\n<\/div>\n\n\n\n<div class=\"wp-block-column is-vertically-aligned-center has-global-padding is-layout-constrained wp-container-core-column-is-layout-29fe5425 wp-block-column-is-layout-constrained\" style=\"padding-top:var(--wp--preset--spacing--20);padding-right:var(--wp--preset--spacing--20);padding-bottom:var(--wp--preset--spacing--20);padding-left:var(--wp--preset--spacing--20);flex-basis:33%\">\n<figure class=\"wp-block-image size-large\"><img loading=\"lazy\" decoding=\"async\" width=\"1024\" height=\"683\" src=\"https:\/\/lmnaturo-lyon.com\/wp-content\/uploads\/2025\/10\/pexels-yankrukov-5793925-1024x683.jpg\" alt=\"\" class=\"wp-image-433\" srcset=\"https:\/\/lmnaturo-lyon.com\/wp-content\/uploads\/2025\/10\/pexels-yankrukov-5793925-1024x683.jpg 1024w, https:\/\/lmnaturo-lyon.com\/wp-content\/uploads\/2025\/10\/pexels-yankrukov-5793925-300x200.jpg 300w, https:\/\/lmnaturo-lyon.com\/wp-content\/uploads\/2025\/10\/pexels-yankrukov-5793925-768x512.jpg 768w, https:\/\/lmnaturo-lyon.com\/wp-content\/uploads\/2025\/10\/pexels-yankrukov-5793925-1536x1024.jpg 1536w, https:\/\/lmnaturo-lyon.com\/wp-content\/uploads\/2025\/10\/pexels-yankrukov-5793925-2048x1365.jpg 2048w\" sizes=\"auto, (max-width: 1024px) 100vw, 1024px\" \/><\/figure>\n\n\n\n<figure class=\"wp-block-image size-large\"><img loading=\"lazy\" decoding=\"async\" width=\"1024\" height=\"683\" src=\"https:\/\/lmnaturo-lyon.com\/wp-content\/uploads\/2025\/10\/724f8329-d10b-4767-b367-b92364b809bf-1024x683.png\" alt=\"\" class=\"wp-image-434\" srcset=\"https:\/\/lmnaturo-lyon.com\/wp-content\/uploads\/2025\/10\/724f8329-d10b-4767-b367-b92364b809bf-1024x683.png 1024w, https:\/\/lmnaturo-lyon.com\/wp-content\/uploads\/2025\/10\/724f8329-d10b-4767-b367-b92364b809bf-300x200.png 300w, https:\/\/lmnaturo-lyon.com\/wp-content\/uploads\/2025\/10\/724f8329-d10b-4767-b367-b92364b809bf-768x512.png 768w, https:\/\/lmnaturo-lyon.com\/wp-content\/uploads\/2025\/10\/724f8329-d10b-4767-b367-b92364b809bf.png 1536w\" sizes=\"auto, (max-width: 1024px) 100vw, 1024px\" \/><\/figure>\n\n\n\n<div class=\"wp-block-buttons is-content-justification-center is-layout-flex wp-container-core-buttons-is-layout-a89b3969 wp-block-buttons-is-layout-flex\">\n<div class=\"wp-block-button\"><a class=\"wp-block-button__link wp-element-button\" href=\"https:\/\/lmnaturo-lyon.com\/index.php\/mes-services\/\">Me contacter<\/a><\/div>\n<\/div>\n<\/div>\n<\/div>\n<\/div>\n","protected":false},"excerpt":{"rendered":"<p>Ici, tout est expliqu\u00e9 : parce que bien-\u00eatre ne doit jamais \u00eatre compliqu\u00e9 Consultations en Naturopathie \/ Heilpraktiker Le 1er RDV dure environ 1h30, il s\u2019agit d\u2019un bilan complet en naturopathie Qu\u2019est-ce que nous aborderons&nbsp;: vos attentes avant tout&nbsp;!, Mais aussi votre hygi\u00e8ne de vie, les \u00e9ventuels ant\u00e9c\u00e9dents et votre style de vie. Il n\u2019y [&hellip;]<\/p>\n","protected":false},"author":1,"featured_media":0,"parent":0,"menu_order":0,"comment_status":"closed","ping_status":"closed","template":"","meta":{"footnotes":""},"class_list":["post-114","page","type-page","status-publish","hentry"],"_links":{"self":[{"href":"https:\/\/lmnaturo-lyon.com\/index.php\/wp-json\/wp\/v2\/pages\/114","targetHints":{"allow":["GET"]}}],"collection":[{"href":"https:\/\/lmnaturo-lyon.com\/index.php\/wp-json\/wp\/v2\/pages"}],"about":[{"href":"https:\/\/lmnaturo-lyon.com\/index.php\/wp-json\/wp\/v2\/types\/page"}],"author":[{"embeddable":true,"href":"https:\/\/lmnaturo-lyon.com\/index.php\/wp-json\/wp\/v2\/users\/1"}],"replies":[{"embeddable":true,"href":"https:\/\/lmnaturo-lyon.com\/index.php\/wp-json\/wp\/v2\/comments?post=114"}],"version-history":[{"count":47,"href":"https:\/\/lmnaturo-lyon.com\/index.php\/wp-json\/wp\/v2\/pages\/114\/revisions"}],"predecessor-version":[{"id":507,"href":"https:\/\/lmnaturo-lyon.com\/index.php\/wp-json\/wp\/v2\/pages\/114\/revisions\/507"}],"wp:attachment":[{"href":"https:\/\/lmnaturo-lyon.com\/index.php\/wp-json\/wp\/v2\/media?parent=114"}],"curies":[{"name":"wp","href":"https:\/\/api.w.org\/{rel}","templated":true}]}}