{"id":10,"date":"2025-09-15T09:46:26","date_gmt":"2025-09-15T09:46:26","guid":{"rendered":"http:\/\/lmnaturo-lyon.com\/?page_id=10"},"modified":"2026-02-02T10:52:56","modified_gmt":"2026-02-02T10:52:56","slug":"accueil","status":"publish","type":"page","link":"https:\/\/lmnaturo-lyon.com\/","title":{"rendered":"Laetitia MARION"},"content":{"rendered":"\n<div class=\"wp-block-group has-base-background-color has-background is-nowrap is-layout-flex wp-container-core-group-is-layout-6c531013 wp-block-group-is-layout-flex\" style=\"border-radius:0px\">\n<figure class=\"wp-block-image size-full is-resized logo wp-duotone-111111-a4a4a4-1\"><img loading=\"lazy\" decoding=\"async\" width=\"1955\" height=\"2000\" src=\"https:\/\/lmnaturo-lyon.com\/wp-content\/uploads\/2025\/09\/img-logo.png\" alt=\"\" class=\"wp-image-93\" style=\"width:170px\" title=\"logo\" srcset=\"https:\/\/lmnaturo-lyon.com\/wp-content\/uploads\/2025\/09\/img-logo.png 1955w, https:\/\/lmnaturo-lyon.com\/wp-content\/uploads\/2025\/09\/img-logo-293x300.png 293w, https:\/\/lmnaturo-lyon.com\/wp-content\/uploads\/2025\/09\/img-logo-1001x1024.png 1001w, https:\/\/lmnaturo-lyon.com\/wp-content\/uploads\/2025\/09\/img-logo-768x786.png 768w, https:\/\/lmnaturo-lyon.com\/wp-content\/uploads\/2025\/09\/img-logo-1501x1536.png 1501w\" sizes=\"auto, (max-width: 1955px) 100vw, 1955px\" \/><\/figure>\n\n\n\n<p class=\"has-large-font-size\">Naturopathe Heilpraktiker R\u00e9flexologue<\/p>\n<\/div>\n\n\n\n<div class=\"wp-block-group alignwide has-border-color has-global-padding is-layout-constrained wp-container-core-group-is-layout-2b72a2fa wp-block-group-is-layout-constrained\" style=\"border-color:#b1c5a4;border-radius:50px;padding-top:var(--wp--preset--spacing--20);padding-right:var(--wp--preset--spacing--10);padding-bottom:var(--wp--preset--spacing--20);padding-left:var(--wp--preset--spacing--10)\">\n<h2 class=\"wp-block-heading alignwide has-text-align-left\" style=\"padding-top:0;padding-right:var(--wp--preset--spacing--20);padding-bottom:0;padding-left:var(--wp--preset--spacing--20)\">    Qui suis-je ?<\/h2>\n\n\n\n<div class=\"wp-block-group is-nowrap is-layout-flex wp-container-core-group-is-layout-6c531013 wp-block-group-is-layout-flex\">\n<div class=\"wp-block-group is-nowrap is-layout-flex wp-container-core-group-is-layout-6c531013 wp-block-group-is-layout-flex\">\n<figure class=\"wp-block-image size-large has-custom-border\"><img loading=\"lazy\" decoding=\"async\" width=\"800\" height=\"1024\" src=\"https:\/\/lmnaturo-lyon.com\/wp-content\/uploads\/2025\/10\/photo-800x1024.jpg\" alt=\"\" class=\"wp-image-463\" style=\"border-radius:50px\" srcset=\"https:\/\/lmnaturo-lyon.com\/wp-content\/uploads\/2025\/10\/photo-800x1024.jpg 800w, https:\/\/lmnaturo-lyon.com\/wp-content\/uploads\/2025\/10\/photo-234x300.jpg 234w, https:\/\/lmnaturo-lyon.com\/wp-content\/uploads\/2025\/10\/photo-768x983.jpg 768w, https:\/\/lmnaturo-lyon.com\/wp-content\/uploads\/2025\/10\/photo.jpg 1148w\" sizes=\"auto, (max-width: 800px) 100vw, 800px\" \/><\/figure>\n<\/div>\n\n\n\n<p>\u00c0 40 ans, la pand\u00e9mie a \u00e9t\u00e9 pour moi un moment de pause et de r\u00e9flexion.<br>J\u2019ai r\u00e9alis\u00e9 \u00e0 quel point, autour de moi, beaucoup de personnes vivaient avec du stress, de la fatigue, des d\u00e9s\u00e9quilibres qui finissent par sembler \u201cnormaux\u201d.<\/p>\n<\/div>\n\n\n\n<p><strong>La naturopathie s&#8217;est impos\u00e9e \u00e0 moi comme une \u00e9vidence. <\/strong><br>J\u2019essaie d\u2019appliquer au quotidien les fondements de la naturopathie : prendre soin de mon hygi\u00e8ne de vie, \u00e9couter mes besoins, pr\u00e9venir plut\u00f4t que gu\u00e9rir.<br><strong>Et c\u2019est cette d\u00e9marche de bon sens que j\u2019ai eu envie de partager.<\/strong><\/p>\n\n\n\n<p>J\u2019ai donc quitt\u00e9 mon m\u00e9tier de cadre commerciale pour me former \u00e0 la naturopathie et \u00e0 la r\u00e9flexologie plantaire au CNFDI (formation reconnue par le <a href=\"https:\/\/annuaire-adherents.syndicat-naturopathie.fr\/annuaire\/listing\/laetitia-marion\">Syndicat des Professionnels de la Naturopathie<\/a>). J&#8217;ai ensuite enchain\u00e9 avec le dipl\u00f4me de Heilpraktiker, obtenu au CERS de Ferney-Voltaire.<\/p>\n\n\n\n<p>Aujourd\u2019hui, j\u2019accompagne :<\/p>\n\n\n\n<ul class=\"wp-block-list\">\n<li><strong>les particuliers<\/strong>, pour retrouver \u00e9quilibre, \u00e9nergie et mieux-\u00eatre,<\/li>\n\n\n\n<li><strong>les entreprises<\/strong>, qui souhaitent am\u00e9liorer la qualit\u00e9 de vie au travail et pr\u00e9venir le stress.<\/li>\n<\/ul>\n\n\n\n<p>Mon approche est simple et structur\u00e9e : pas de promesses miracles, juste des outils concrets et naturels pour mieux vivre au quotidien.<\/p>\n<\/div>\n\n\n\n<p><\/p>\n\n\n\n<div class=\"wp-block-columns alignwide is-layout-flex wp-container-core-columns-is-layout-a62bd515 wp-block-columns-is-layout-flex\" style=\"border-style:none;border-width:0px;border-radius:50px;margin-top:0;margin-bottom:0\">\n<div class=\"wp-block-column is-vertically-aligned-center has-accent-4-background-color has-background has-global-padding is-layout-constrained wp-container-core-column-is-layout-9c01ba07 wp-block-column-is-layout-constrained\" style=\"border-style:none;border-width:0px;border-radius:50px;padding-top:var(--wp--preset--spacing--10);padding-bottom:var(--wp--preset--spacing--10)\">\n<h2 class=\"wp-block-heading has-text-align-center has-x-large-font-size\">   La naturopathie<\/h2>\n\n\n\n<p class=\"has-text-align-center paragraphe-alex brush\">Une approche naturelle, holistique, \u00e9ducative et pr\u00e9ventive de la sant\u00e9<\/p>\n\n\n\n<figure class=\"wp-block-image aligncenter size-full is-resized pa\"><img loading=\"lazy\" decoding=\"async\" width=\"960\" height=\"636\" src=\"https:\/\/lmnaturo-lyon.com\/wp-content\/uploads\/2025\/09\/infusion-camomille.jpg\" alt=\"\" class=\"wp-image-20\" style=\"box-shadow:none;width:263px;height:auto\" srcset=\"https:\/\/lmnaturo-lyon.com\/wp-content\/uploads\/2025\/09\/infusion-camomille.jpg 960w, https:\/\/lmnaturo-lyon.com\/wp-content\/uploads\/2025\/09\/infusion-camomille-300x199.jpg 300w, https:\/\/lmnaturo-lyon.com\/wp-content\/uploads\/2025\/09\/infusion-camomille-768x509.jpg 768w\" sizes=\"auto, (max-width: 960px) 100vw, 960px\" \/><\/figure>\n\n\n\n<div class=\"wp-block-buttons is-content-justification-center is-layout-flex wp-container-core-buttons-is-layout-a89b3969 wp-block-buttons-is-layout-flex\">\n<div class=\"wp-block-button\"><a class=\"wp-block-button__link has-text-align-center wp-element-button\" href=\"https:\/\/lmnaturo-lyon.com\/index.php\/naturopathie\/\">En savoir plus<\/a><\/div>\n<\/div>\n<\/div>\n\n\n\n<div class=\"wp-block-column is-vertically-aligned-top has-accent-4-background-color has-background has-global-padding is-layout-constrained wp-container-core-column-is-layout-02c31cf7 wp-block-column-is-layout-constrained\" style=\"border-style:none;border-width:0px;border-radius:50px;padding-top:var(--wp--preset--spacing--10);padding-right:0;padding-bottom:var(--wp--preset--spacing--10);padding-left:0\">\n<h2 class=\"wp-block-heading has-text-align-center has-x-large-font-size\">Heilpraktiker<\/h2>\n\n\n\n<p class=\"has-text-align-center has-medium-font-size\">Une approche singuli\u00e8re de la sant\u00e9 en Allemagne<\/p>\n\n\n\n<p class=\"has-medium-font-size\"><\/p>\n\n\n\n<figure class=\"wp-block-image aligncenter size-full is-resized\"><img loading=\"lazy\" decoding=\"async\" width=\"960\" height=\"641\" src=\"https:\/\/lmnaturo-lyon.com\/wp-content\/uploads\/2025\/09\/herboristerie.jpg\" alt=\"\" class=\"wp-image-63\" style=\"width:237px;height:auto\" srcset=\"https:\/\/lmnaturo-lyon.com\/wp-content\/uploads\/2025\/09\/herboristerie.jpg 960w, https:\/\/lmnaturo-lyon.com\/wp-content\/uploads\/2025\/09\/herboristerie-300x200.jpg 300w, https:\/\/lmnaturo-lyon.com\/wp-content\/uploads\/2025\/09\/herboristerie-768x513.jpg 768w\" sizes=\"auto, (max-width: 960px) 100vw, 960px\" \/><\/figure>\n\n\n\n<div class=\"wp-block-buttons is-content-justification-center is-layout-flex wp-container-core-buttons-is-layout-a89b3969 wp-block-buttons-is-layout-flex\">\n<div class=\"wp-block-button is-style-fill\"><a class=\"wp-block-button__link has-text-align-center wp-element-button\" href=\"https:\/\/lmnaturo-lyon.com\/index.php\/heilpraktiker\/\">En savoir plus<\/a><\/div>\n<\/div>\n<\/div>\n<\/div>\n\n\n\n<div class=\"wp-block-columns alignwide has-base-background-color has-background is-layout-flex wp-container-core-columns-is-layout-9b758797 wp-block-columns-is-layout-flex\" style=\"border-radius:50px;padding-top:0;padding-right:0;padding-bottom:0;padding-left:0\">\n<div class=\"wp-block-column is-vertically-aligned-center has-accent-4-background-color has-background has-global-padding is-layout-constrained wp-container-core-column-is-layout-9963d07d wp-block-column-is-layout-constrained\" style=\"border-style:none;border-width:0px;border-radius:50px;padding-top:var(--wp--preset--spacing--10);padding-right:0;padding-bottom:var(--wp--preset--spacing--10);padding-left:0\">\n<h2 class=\"wp-block-heading has-text-align-center has-x-large-font-size\">R\u00e9flexologie plantaire<\/h2>\n\n\n\n<p class=\"has-text-align-center has-medium-font-size\">Une technique manuelle ancestrale <\/p>\n\n\n\n<figure class=\"wp-block-image aligncenter size-full is-resized\"><img loading=\"lazy\" decoding=\"async\" width=\"960\" height=\"639\" src=\"https:\/\/lmnaturo-lyon.com\/wp-content\/uploads\/2025\/09\/reflexo-2.jpg\" alt=\"\" class=\"wp-image-61\" style=\"width:260px;height:auto\" srcset=\"https:\/\/lmnaturo-lyon.com\/wp-content\/uploads\/2025\/09\/reflexo-2.jpg 960w, https:\/\/lmnaturo-lyon.com\/wp-content\/uploads\/2025\/09\/reflexo-2-300x200.jpg 300w, https:\/\/lmnaturo-lyon.com\/wp-content\/uploads\/2025\/09\/reflexo-2-768x511.jpg 768w\" sizes=\"auto, (max-width: 960px) 100vw, 960px\" \/><\/figure>\n\n\n\n<div class=\"wp-block-buttons is-content-justification-center is-layout-flex wp-container-core-buttons-is-layout-a89b3969 wp-block-buttons-is-layout-flex\">\n<div class=\"wp-block-button\"><a class=\"wp-block-button__link wp-element-button\" href=\"https:\/\/lmnaturo-lyon.com\/index.php\/reflexologie-plantaire\/\">En savoir plus<\/a><\/div>\n<\/div>\n<\/div>\n\n\n\n<div class=\"wp-block-column is-vertically-aligned-center has-accent-4-background-color has-background has-global-padding is-layout-constrained wp-container-core-column-is-layout-e88f3648 wp-block-column-is-layout-constrained\" style=\"border-style:none;border-width:0px;border-radius:50px;padding-top:var(--wp--preset--spacing--10);padding-bottom:var(--wp--preset--spacing--10)\">\n<h2 class=\"wp-block-heading has-text-align-center has-x-large-font-size\">Mes services <\/h2>\n\n\n\n<p class=\"has-text-align-center has-medium-font-size\">Ici, tout est expliqu\u00e9 : parce que bien-\u00eatre ne doit jamais \u00eatre compliqu\u00e9<\/p>\n\n\n\n<figure class=\"wp-block-image aligncenter size-full is-resized\"><img loading=\"lazy\" decoding=\"async\" width=\"2560\" height=\"1707\" src=\"https:\/\/lmnaturo-lyon.com\/wp-content\/uploads\/2025\/09\/pexels-thought-catalog-317580-904616-scaled.jpg\" alt=\"\" class=\"wp-image-62\" style=\"width:226px;height:auto\" srcset=\"https:\/\/lmnaturo-lyon.com\/wp-content\/uploads\/2025\/09\/pexels-thought-catalog-317580-904616-scaled.jpg 2560w, https:\/\/lmnaturo-lyon.com\/wp-content\/uploads\/2025\/09\/pexels-thought-catalog-317580-904616-300x200.jpg 300w, https:\/\/lmnaturo-lyon.com\/wp-content\/uploads\/2025\/09\/pexels-thought-catalog-317580-904616-1024x683.jpg 1024w, https:\/\/lmnaturo-lyon.com\/wp-content\/uploads\/2025\/09\/pexels-thought-catalog-317580-904616-768x512.jpg 768w, https:\/\/lmnaturo-lyon.com\/wp-content\/uploads\/2025\/09\/pexels-thought-catalog-317580-904616-1536x1024.jpg 1536w, https:\/\/lmnaturo-lyon.com\/wp-content\/uploads\/2025\/09\/pexels-thought-catalog-317580-904616-2048x1365.jpg 2048w\" sizes=\"auto, (max-width: 2560px) 100vw, 2560px\" \/><\/figure>\n\n\n\n<div class=\"wp-block-buttons is-content-justification-center is-layout-flex wp-container-core-buttons-is-layout-a89b3969 wp-block-buttons-is-layout-flex\">\n<div class=\"wp-block-button\"><a class=\"wp-block-button__link wp-element-button\" href=\"https:\/\/lmnaturo-lyon.com\/index.php\/mes-services-2\/\">Voir mes services<\/a><\/div>\n<\/div>\n<\/div>\n<\/div>\n","protected":false},"excerpt":{"rendered":"<p>Naturopathe Heilpraktiker R\u00e9flexologue Qui suis-je ? \u00c0 40 ans, la pand\u00e9mie a \u00e9t\u00e9 pour moi un moment de pause et de r\u00e9flexion.J\u2019ai r\u00e9alis\u00e9 \u00e0 quel point, autour de moi, beaucoup de personnes vivaient avec du stress, de la fatigue, des d\u00e9s\u00e9quilibres qui finissent par sembler \u201cnormaux\u201d. La naturopathie s&#8217;est impos\u00e9e \u00e0 moi comme une \u00e9vidence. [&hellip;]<\/p>\n","protected":false},"author":1,"featured_media":0,"parent":0,"menu_order":0,"comment_status":"closed","ping_status":"closed","template":"","meta":{"footnotes":""},"class_list":["post-10","page","type-page","status-publish","hentry"],"_links":{"self":[{"href":"https:\/\/lmnaturo-lyon.com\/index.php\/wp-json\/wp\/v2\/pages\/10","targetHints":{"allow":["GET"]}}],"collection":[{"href":"https:\/\/lmnaturo-lyon.com\/index.php\/wp-json\/wp\/v2\/pages"}],"about":[{"href":"https:\/\/lmnaturo-lyon.com\/index.php\/wp-json\/wp\/v2\/types\/page"}],"author":[{"embeddable":true,"href":"https:\/\/lmnaturo-lyon.com\/index.php\/wp-json\/wp\/v2\/users\/1"}],"replies":[{"embeddable":true,"href":"https:\/\/lmnaturo-lyon.com\/index.php\/wp-json\/wp\/v2\/comments?post=10"}],"version-history":[{"count":90,"href":"https:\/\/lmnaturo-lyon.com\/index.php\/wp-json\/wp\/v2\/pages\/10\/revisions"}],"predecessor-version":[{"id":553,"href":"https:\/\/lmnaturo-lyon.com\/index.php\/wp-json\/wp\/v2\/pages\/10\/revisions\/553"}],"wp:attachment":[{"href":"https:\/\/lmnaturo-lyon.com\/index.php\/wp-json\/wp\/v2\/media?parent=10"}],"curies":[{"name":"wp","href":"https:\/\/api.w.org\/{rel}","templated":true}]}}